{"id":23,"date":"2020-02-14T22:38:12","date_gmt":"2020-02-14T21:38:12","guid":{"rendered":"https:\/\/www.theater-tp.ch\/web\/?page_id=23"},"modified":"2026-03-16T15:30:10","modified_gmt":"2026-03-16T14:30:10","slug":"23-2","status":"publish","type":"page","link":"https:\/\/www.theater-tp.ch\/web\/","title":{"rendered":""},"content":{"rendered":"\n<p><br><br><br>D B\u00fchni isch leer und dr Vorhang gfalle     <br>Es isch dunkel und wieder still in dr Halle  <br>S \u00ab\u00c4lplerl\u00e4ba\u00bb isch verbi     <br>Und mir bedure\u2019s scho n\u2019echli.    <\/p>\n\n\n\n<p>     <br>S Publikum hett applaudiert und glacht       <br>Das zeigt i\u2019s: mir h\u00e4nd\u2019s richtig gmacht!       <br>Im ene Johr simmer denn wieder do      <br>Und mache\u2019s bestimmt pr\u00e4zis genau eso.                                                                        <\/p>\n\n\n\n<p><br>En erfolgrichi Spielsaison 2026 isch z \u00c4nd und mir bedanke eus<br>ganz h\u00e4rzlich bi eusem treue\/neue Publikum, allne Sponsore<br>und G\u00f6nner f\u00fcr d Unterst\u00fctzig vo eusem Theaterverein!<\/p>\n\n\n\n<p><br>Bis dr Vorhang wieder uffgoht, w\u00fcnsche mir euch e gueti Zit,<br>blibet gsund und s\u00e4ge: \u00abTschau z\u00e4mme und mir gsehnd eus<br>hoffentlich wieder im 2027\u2026..!\u00bb<\/p>\n\n\n<p><!--StartFragment--><\/p>\n\n\n<figure class=\"wp-block-image size-large\"><img loading=\"lazy\" decoding=\"async\" width=\"1024\" height=\"385\" src=\"https:\/\/www.theater-tp.ch\/web\/wp-content\/uploads\/2026\/03\/DSC0492-1024x385.jpg\" alt=\"\" class=\"wp-image-4916\" srcset=\"https:\/\/www.theater-tp.ch\/web\/wp-content\/uploads\/2026\/03\/DSC0492-1024x385.jpg 1024w, https:\/\/www.theater-tp.ch\/web\/wp-content\/uploads\/2026\/03\/DSC0492-300x113.jpg 300w, https:\/\/www.theater-tp.ch\/web\/wp-content\/uploads\/2026\/03\/DSC0492-768x289.jpg 768w, https:\/\/www.theater-tp.ch\/web\/wp-content\/uploads\/2026\/03\/DSC0492-1536x577.jpg 1536w, https:\/\/www.theater-tp.ch\/web\/wp-content\/uploads\/2026\/03\/DSC0492-2048x770.jpg 2048w\" sizes=\"auto, (max-width: 1024px) 100vw, 1024px\" \/><\/figure>\n","protected":false},"excerpt":{"rendered":"<p>D B\u00fchni isch leer und dr Vorhang gfalle Es isch dunkel und wieder still in dr Halle S \u00ab\u00c4lplerl\u00e4ba\u00bb isch verbi Und mir bedure\u2019s scho n\u2019echli. S Publikum hett applaudiert und glacht Das zeigt i\u2019s: mir h\u00e4nd\u2019s richtig gmacht! Im ene Johr simmer denn wieder do Und mache\u2019s bestimmt pr\u00e4zis genau eso. En erfolgrichi Spielsaison [&hellip;]<\/p>\n","protected":false},"author":1,"featured_media":0,"parent":0,"menu_order":0,"comment_status":"closed","ping_status":"closed","template":"","meta":{"ngg_post_thumbnail":0,"footnotes":""},"class_list":["post-23","page","type-page","status-publish","hentry"],"_links":{"self":[{"href":"https:\/\/www.theater-tp.ch\/web\/wp-json\/wp\/v2\/pages\/23","targetHints":{"allow":["GET"]}}],"collection":[{"href":"https:\/\/www.theater-tp.ch\/web\/wp-json\/wp\/v2\/pages"}],"about":[{"href":"https:\/\/www.theater-tp.ch\/web\/wp-json\/wp\/v2\/types\/page"}],"author":[{"embeddable":true,"href":"https:\/\/www.theater-tp.ch\/web\/wp-json\/wp\/v2\/users\/1"}],"replies":[{"embeddable":true,"href":"https:\/\/www.theater-tp.ch\/web\/wp-json\/wp\/v2\/comments?post=23"}],"version-history":[{"count":133,"href":"https:\/\/www.theater-tp.ch\/web\/wp-json\/wp\/v2\/pages\/23\/revisions"}],"predecessor-version":[{"id":4918,"href":"https:\/\/www.theater-tp.ch\/web\/wp-json\/wp\/v2\/pages\/23\/revisions\/4918"}],"wp:attachment":[{"href":"https:\/\/www.theater-tp.ch\/web\/wp-json\/wp\/v2\/media?parent=23"}],"curies":[{"name":"wp","href":"https:\/\/api.w.org\/{rel}","templated":true}]}}