{"id":64,"date":"2020-02-14T22:55:49","date_gmt":"2020-02-14T21:55:49","guid":{"rendered":"https:\/\/www.theater-tp.ch\/web\/?page_id=64"},"modified":"2022-10-30T14:01:28","modified_gmt":"2022-10-30T13:01:28","slug":"2010-mord-im-blumehof","status":"publish","type":"page","link":"https:\/\/www.theater-tp.ch\/web\/galerie\/2010-mord-im-blumehof\/","title":{"rendered":"2010 \u2013 Mord im Blumehof"},"content":{"rendered":"\n<p class=\"has-medium-font-size\"><br><strong>Kriminal-Lustspiel in 3 Akten von Carmelo Pesenti (Breuninger Verlag, Aarau)<\/strong><\/p>\n\n\n\n<p class=\"has-medium-font-size\"><br><strong>Inhalt<\/strong> &#8230;<br><\/p>\n\n\n\n<p>Kurt Hubacher ist Gemeindepr\u00e4sident und seit dreissig Jahren gl\u00fccklich mit Erna verheiratet. Fritz ist ihr einziger Sohn. Als Kurt erf\u00e4hrt, dass er noch eine f\u00fcnfundzwanzig j\u00e4hrige uneheliche Tochter hat, geht es in seinem Leben drunter und dr\u00fcber. Um es schlau anzustellen, trifft er Sonja, seine Tochter, in der Pension Blumenhof. Doch meistens kommt es anders als man denkt. Wieso ist auf seinen Namen ein Zimmer reserviert? Zum Selbstschutz bleibt da nur, die wahre Identit\u00e4t zu verheimlichen. Er hat die Rechnung jedoch ohne Nelly B\u00fcchler, der Besitzerin der Pension, und ihrer Angestellten, Julia Selva, gemacht. Diese vermuten hinter dem Treffen etwas Unseri\u00f6ses und versuchen mit allen Mitteln dahinter zu kommen. Trotz allem kommt das Treffen mit Sonja zustande. Sie begehen einen feucht fr\u00f6hlichen Abend und haben sich viel zu erz\u00e4hlen. Als am anderen Moren Julia das Zimmer betritt, findet sie Kurt tot auf dem Bett, das Kopfkissen und das Handtuch haben eindeutige Blutspuren. Es besteht kein Zweifel, es war Mord.<\/p>\n\n\n\n<p>Ein Fall f\u00fcr Kommissar Heinz Mummentaler und seinen Assistenten Detlef Schnabel. Alle werden verd\u00e4chtigt, sogar Emma, der siebzig j\u00e4hrige Pensionsgast, der das H\u00f6ren meistens schwer f\u00e4llt. Heinz verd\u00e4chtigt jedoch vor allem Sonja, die ist aber spurlos verschwunden. Jedoch nicht nur sie, denn zu allem \u00dcbel fehlt auch noch die vermeintliche Leiche. Es stehen schwierige Verh\u00f6re an und mit Detlef&#8217;s Hilfe wird das Ganze nicht einfacher, denn Detlef ist nicht der Hellste und noch in Ausbildung. Auch Erna Hubacher, Kurt&#8217;s Frau, bringt kein Licht ins Dunkel. Als jedoch Fritz mit seiner Verlobten Auftaucht, um mit ihr ein Wochenende in der Pension Blumenhof zu verbringen, und es sich bei seiner Verlobten um die gesuchte Sonja handelt, ist das Chaos fast perfekt. Als dann auch noch der vermeintliche Tote wieder auftaucht verschl\u00e4gt es Kommissar Mummentaler g\u00e4nzlich die Sprache. Wieso Fritz und Sonja am Schluss trotzdem heiraten k\u00f6nnen, obwohl sie Geschwister sind, sei hier nicht verraten.<\/p>\n\n\n\n<p class=\"has-medium-font-size\"><br><strong>Es spielten &#8230;<\/strong><\/p>\n\n\n\n<figure class=\"wp-block-table\"><table class=\"has-fixed-layout\"><tbody><tr><td>Kurt Hubacher, Gemeindepr\u00e4sident<\/td><td>Werner Bieg<\/td><\/tr><tr><td>Erna Hubacher, seine Frau<\/td><td>Alice Mark<\/td><\/tr><tr><td>Fritz Hubacher, deren Sohn<\/td><td>Michi Ernst<\/td><\/tr><tr><td>Sonja Graber, uneheliche Tocher von Kurt<\/td><td>Nadine Held<\/td><\/tr><tr><td>Nelly B\u00fcchler, Inhaberin Pension<\/td><td>Lu Engi<\/td><\/tr><tr><td>Julia Selva, Hausangestellte in der Pension<\/td><td>Daniela Engi<\/td><\/tr><tr><td>Emma Berger, Pensionsgast<\/td><td>Mia Engi<\/td><\/tr><tr><td>Heinz Mummentaler, Kommissar<\/td><td>Chrigel Schaffer<\/td><\/tr><tr><td>Detlef Schnabel, Assistent vom Kommissar<\/td><td>Martin Domann<\/td><\/tr><\/tbody><\/table><\/figure>\n\n\n\nngg_shortcode_0_placeholder\n","protected":false},"excerpt":{"rendered":"<p>Kriminal-Lustspiel in 3 Akten von Carmelo Pesenti (Breuninger Verlag, Aarau) Inhalt &#8230; Kurt Hubacher ist Gemeindepr\u00e4sident und seit dreissig Jahren gl\u00fccklich mit Erna verheiratet. Fritz ist ihr einziger Sohn. Als Kurt erf\u00e4hrt, dass er noch eine f\u00fcnfundzwanzig j\u00e4hrige uneheliche Tochter hat, geht es in seinem Leben drunter und dr\u00fcber. Um es schlau anzustellen, trifft er [&hellip;]<\/p>\n","protected":false},"author":1,"featured_media":1657,"parent":30,"menu_order":96,"comment_status":"closed","ping_status":"closed","template":"","meta":{"ngg_post_thumbnail":0,"footnotes":""},"class_list":["post-64","page","type-page","status-publish","has-post-thumbnail","hentry"],"_links":{"self":[{"href":"https:\/\/www.theater-tp.ch\/web\/wp-json\/wp\/v2\/pages\/64","targetHints":{"allow":["GET"]}}],"collection":[{"href":"https:\/\/www.theater-tp.ch\/web\/wp-json\/wp\/v2\/pages"}],"about":[{"href":"https:\/\/www.theater-tp.ch\/web\/wp-json\/wp\/v2\/types\/page"}],"author":[{"embeddable":true,"href":"https:\/\/www.theater-tp.ch\/web\/wp-json\/wp\/v2\/users\/1"}],"replies":[{"embeddable":true,"href":"https:\/\/www.theater-tp.ch\/web\/wp-json\/wp\/v2\/comments?post=64"}],"version-history":[{"count":8,"href":"https:\/\/www.theater-tp.ch\/web\/wp-json\/wp\/v2\/pages\/64\/revisions"}],"predecessor-version":[{"id":1960,"href":"https:\/\/www.theater-tp.ch\/web\/wp-json\/wp\/v2\/pages\/64\/revisions\/1960"}],"up":[{"embeddable":true,"href":"https:\/\/www.theater-tp.ch\/web\/wp-json\/wp\/v2\/pages\/30"}],"wp:featuredmedia":[{"embeddable":true,"href":"https:\/\/www.theater-tp.ch\/web\/wp-json\/wp\/v2\/media\/1657"}],"wp:attachment":[{"href":"https:\/\/www.theater-tp.ch\/web\/wp-json\/wp\/v2\/media?parent=64"}],"curies":[{"name":"wp","href":"https:\/\/api.w.org\/{rel}","templated":true}]}}