{"id":66,"date":"2020-02-14T22:56:05","date_gmt":"2020-02-14T21:56:05","guid":{"rendered":"https:\/\/www.theater-tp.ch\/web\/?page_id=66"},"modified":"2020-02-16T22:25:02","modified_gmt":"2020-02-16T21:25:02","slug":"2016-ddrache-flueuegend-tueuef","status":"publish","type":"page","link":"https:\/\/www.theater-tp.ch\/web\/galerie\/2016-ddrache-flueuegend-tueuef\/","title":{"rendered":"2016 \u2013 D\u2019Drache fl\u00fc\u00fcgend t\u00fc\u00fcf"},"content":{"rendered":"\n<p class=\"has-medium-font-size\"><br><strong>Lustspiel in 3 Akten von Gudrun Ebner<br>Mundartbearbeitung von Etienne Meuwly (Theaterverlag Kaliolabusto)<\/strong><\/p>\n\n\n\n<p class=\"has-medium-font-size\"><br><strong>Inhalt<\/strong> &#8230;<br><\/p>\n\n\n\n<p>B\u00e4ckermeister Urs Kohler steht so richtig unter der Fuchtel seiner Frau Cecile. Darum ist er froh, dass sie f\u00fcr 14 Tage auf einer Sch\u00f6nheitsfarm Ferien macht. Da kann er endlich tun und lassen was er will.<br>Urs tauscht zuweilen die Backstube mit anderen Lokalit\u00e4ten und betreibt mit Nachbar Viktor intensive &#171;Wirtschaftskunde&#187;, und mit dem Pfarrer pokern sie bis in die fr\u00fchen Morgenstunden. Dumm nur, dass Lisbeth, die lebende Dorfzeitung, seine n\u00e4chtlichen Aktivit\u00e4ten mitbekommen hat und mit an Sicherheit grenzender Wahrscheinlichkeit Cecile alles br\u00fchwarm erz\u00e4hlen wird.<br>Als Cecile nach Hause kommt trifft sie fast der Schlag. Nachbarin Sylvia hat IHRE Idee geklaut!! Die beiden k\u00f6nnen sich nicht ausstehen und jede Menge &#171;giftige Pfeile&#187; fliegen \u00fcber den Dorfplatz, wenn sie sich begegnen. Cecile macht Sylvias Mann Viktor gnadenlos zur Schnecke, weil er kurz vor der Kur IHREN Antrag abgewiesen hat. Sie erpresst ihn schamlos und um gesetzliche Vorschriften schert sie sich keinen Deut. Nicht einmal dem Pfarrer gelingt es, Cecile zur Vernunft zu bringen.<br>Als sie von Lisbeth erf\u00e4hrt, dass ihre Tochter und Sylvias Sohn ein Liebespaar sind, speit sie Gift und Galle gegen die Beiden. Am Wochenende findet zudem noch der internationale Tortenwettbewerb statt. Cecile will unbedingt gewinnen und kennt keine Skrupel, um an das entsprechende Rezept zu kommen. Wie lange wohl geht das f\u00fcr Cecile gut?!<\/p>\n\n\n\n<p class=\"has-medium-font-size\"><br><strong>Es spielten &#8230;<\/strong><\/p>\n\n\n\n<figure class=\"wp-block-table\"><table class=\"has-fixed-layout\"><tbody><tr><td>Urs Kohler<\/td><td>Martin Domann<\/td><\/tr><tr><td>Cecile Kohler<\/td><td>Daniela Engi<\/td><\/tr><tr><td>Anja Kohler<\/td><td>Janine Adams<\/td><\/tr><tr><td>Sylvia S\u00fcess<\/td><td>Barbara Hirt<\/td><\/tr><tr><td>Viktor S\u00fcess<\/td><td>Chrigel Schaffer<\/td><\/tr><tr><td>Michael S\u00fcess<\/td><td>Michi Ernst<\/td><\/tr><tr><td>Pfarrer Benedikt Hunziker<\/td><td>Ueli Walser<\/td><\/tr><tr><td>Lisbeth Gubser<\/td><td>Renate Schaffter<\/td><\/tr><tr><td>Polizist<\/td><td>Devi Engi<\/td><\/tr><tr><td>Lieferant, Vermessungstechniker<\/td><td>Sepp Moser<\/td><\/tr><\/tbody><\/table><\/figure>\n\n\n\nngg_shortcode_0_placeholder\n","protected":false},"excerpt":{"rendered":"<p>Lustspiel in 3 Akten von Gudrun EbnerMundartbearbeitung von Etienne Meuwly (Theaterverlag Kaliolabusto) Inhalt &#8230; B\u00e4ckermeister Urs Kohler steht so richtig unter der Fuchtel seiner Frau Cecile. Darum ist er froh, dass sie f\u00fcr 14 Tage auf einer Sch\u00f6nheitsfarm Ferien macht. Da kann er endlich tun und lassen was er will.Urs tauscht zuweilen die Backstube mit [&hellip;]<\/p>\n","protected":false},"author":1,"featured_media":1651,"parent":30,"menu_order":90,"comment_status":"closed","ping_status":"closed","template":"","meta":{"ngg_post_thumbnail":0,"footnotes":""},"class_list":["post-66","page","type-page","status-publish","has-post-thumbnail","hentry"],"_links":{"self":[{"href":"https:\/\/www.theater-tp.ch\/web\/wp-json\/wp\/v2\/pages\/66","targetHints":{"allow":["GET"]}}],"collection":[{"href":"https:\/\/www.theater-tp.ch\/web\/wp-json\/wp\/v2\/pages"}],"about":[{"href":"https:\/\/www.theater-tp.ch\/web\/wp-json\/wp\/v2\/types\/page"}],"author":[{"embeddable":true,"href":"https:\/\/www.theater-tp.ch\/web\/wp-json\/wp\/v2\/users\/1"}],"replies":[{"embeddable":true,"href":"https:\/\/www.theater-tp.ch\/web\/wp-json\/wp\/v2\/comments?post=66"}],"version-history":[{"count":2,"href":"https:\/\/www.theater-tp.ch\/web\/wp-json\/wp\/v2\/pages\/66\/revisions"}],"predecessor-version":[{"id":626,"href":"https:\/\/www.theater-tp.ch\/web\/wp-json\/wp\/v2\/pages\/66\/revisions\/626"}],"up":[{"embeddable":true,"href":"https:\/\/www.theater-tp.ch\/web\/wp-json\/wp\/v2\/pages\/30"}],"wp:featuredmedia":[{"embeddable":true,"href":"https:\/\/www.theater-tp.ch\/web\/wp-json\/wp\/v2\/media\/1651"}],"wp:attachment":[{"href":"https:\/\/www.theater-tp.ch\/web\/wp-json\/wp\/v2\/media?parent=66"}],"curies":[{"name":"wp","href":"https:\/\/api.w.org\/{rel}","templated":true}]}}