{"id":72,"date":"2020-02-14T22:56:53","date_gmt":"2020-02-14T21:56:53","guid":{"rendered":"https:\/\/www.theater-tp.ch\/web\/?page_id=72"},"modified":"2020-02-18T18:52:54","modified_gmt":"2020-02-18T17:52:54","slug":"2007-nur-e-kei-manne","status":"publish","type":"page","link":"https:\/\/www.theater-tp.ch\/web\/galerie\/2007-nur-e-kei-manne\/","title":{"rendered":"2007 \u2013 Nur e kei Manne"},"content":{"rendered":"\n<p class=\"has-medium-font-size\"><br><strong>Lustspiel in 3 Akten von Hans Lellis (Theaterverlag Breuninger, Aarau)<\/strong><\/p>\n\n\n\n<p class=\"has-medium-font-size\"><br><strong>Inhalt<\/strong> &#8230;<br><\/p>\n\n\n\n<p>Was passiert, wenn drei Schwestern einen &#171;Antim\u00e4nner-Heiratsvertrag&#187; unterzeichnen und sich trotzdem der erste Heiratskandidat einfindet?<br>Richtig!<br>Man(n) findet Mittel und Wege, diesen Vertrag zu umgehen oder gar aufzul\u00f6sen. Frau versucht mit allen Mitteln, Mann und Hof fernzuhalten! Wenn sich dann noch die Pfarrk\u00f6chin mit guten Ratschl\u00e4gen einschaltet, verspricht dies <\/p>\n\n\n\n<p class=\"has-medium-font-size\"><br><strong>Es spielten &#8230;<\/strong><\/p>\n\n\n\n<figure class=\"wp-block-table is-style-regular\"><table class=\"has-fixed-layout\"><tbody><tr><td class=\"has-text-align-left\" data-align=\"left\">Anna Haller, B\u00e4uerin<\/td><td>Lu Engi<\/td><\/tr><tr><td class=\"has-text-align-left\" data-align=\"left\">Fr\u00e4nzi, Schwester<\/td><td>Renate Schaffter<\/td><\/tr><tr><td class=\"has-text-align-left\" data-align=\"left\">Hanni, Schwester<\/td><td>C\u00e9cile Gwerder<\/td><\/tr><tr><td class=\"has-text-align-left\" data-align=\"left\">Xaver Buchmeier, Grossbauer<\/td><td>Christoph Schaffer                                   <\/td><\/tr><tr><td class=\"has-text-align-left\" data-align=\"left\">Markus, sein Neffe<\/td><td>Adrian Hirt<\/td><\/tr><tr><td class=\"has-text-align-left\" data-align=\"left\">Sepp, Freund von Markus<\/td><td>Ren\u00e9 Plump<\/td><\/tr><tr><td class=\"has-text-align-left\" data-align=\"left\">Aloisia Himmelsbacher, Pfarrk\u00f6chin<\/td><td>Mia Engi<\/td><\/tr><\/tbody><\/table><\/figure>\n\n\n\nngg_shortcode_0_placeholder\n","protected":false},"excerpt":{"rendered":"<p>Lustspiel in 3 Akten von Hans Lellis (Theaterverlag Breuninger, Aarau) Inhalt &#8230; Was passiert, wenn drei Schwestern einen &#171;Antim\u00e4nner-Heiratsvertrag&#187; unterzeichnen und sich trotzdem der erste Heiratskandidat einfindet?Richtig!Man(n) findet Mittel und Wege, diesen Vertrag zu umgehen oder gar aufzul\u00f6sen. Frau versucht mit allen Mitteln, Mann und Hof fernzuhalten! Wenn sich dann noch die Pfarrk\u00f6chin mit guten [&hellip;]<\/p>\n","protected":false},"author":1,"featured_media":1660,"parent":30,"menu_order":99,"comment_status":"closed","ping_status":"closed","template":"","meta":{"ngg_post_thumbnail":0,"footnotes":""},"class_list":["post-72","page","type-page","status-publish","has-post-thumbnail","hentry"],"_links":{"self":[{"href":"https:\/\/www.theater-tp.ch\/web\/wp-json\/wp\/v2\/pages\/72","targetHints":{"allow":["GET"]}}],"collection":[{"href":"https:\/\/www.theater-tp.ch\/web\/wp-json\/wp\/v2\/pages"}],"about":[{"href":"https:\/\/www.theater-tp.ch\/web\/wp-json\/wp\/v2\/types\/page"}],"author":[{"embeddable":true,"href":"https:\/\/www.theater-tp.ch\/web\/wp-json\/wp\/v2\/users\/1"}],"replies":[{"embeddable":true,"href":"https:\/\/www.theater-tp.ch\/web\/wp-json\/wp\/v2\/comments?post=72"}],"version-history":[{"count":13,"href":"https:\/\/www.theater-tp.ch\/web\/wp-json\/wp\/v2\/pages\/72\/revisions"}],"predecessor-version":[{"id":1718,"href":"https:\/\/www.theater-tp.ch\/web\/wp-json\/wp\/v2\/pages\/72\/revisions\/1718"}],"up":[{"embeddable":true,"href":"https:\/\/www.theater-tp.ch\/web\/wp-json\/wp\/v2\/pages\/30"}],"wp:featuredmedia":[{"embeddable":true,"href":"https:\/\/www.theater-tp.ch\/web\/wp-json\/wp\/v2\/media\/1660"}],"wp:attachment":[{"href":"https:\/\/www.theater-tp.ch\/web\/wp-json\/wp\/v2\/media?parent=72"}],"curies":[{"name":"wp","href":"https:\/\/api.w.org\/{rel}","templated":true}]}}